{"id":19890,"date":"2019-02-20T12:55:49","date_gmt":"2019-02-20T10:55:49","guid":{"rendered":"http:\/\/www.agrotechnic.com\/?page_id=19890"},"modified":"2019-02-20T12:56:18","modified_gmt":"2019-02-20T10:56:18","slug":"metodos-de-pago","status":"publish","type":"page","link":"https:\/\/agrotechnic.com\/es\/metodos-de-pago\/","title":{"rendered":"M\u00c9TODOS DE PAGO"},"content":{"rendered":"<p>Los m\u00e9todos de pago que aceptamos son los siguientes:<\/p>\n<p><strong>Reembolso<\/strong><br \/>\nContra reembolso.<br \/>\nEl pago se realizar\u00e1 en efectivo una vez recibido.<br \/>\nEl mensajero llevar\u00e1 los productos a su puerta y usted pagar\u00e1 el monto en efectivo o con tarjeta de cr\u00e9dito *<\/p>\n<p><strong>PayPal y pago con tarjeta de cr\u00e9dito a trav\u00e9s de PayPal<\/strong><\/p>\n<p><img loading=\"lazy\" decoding=\"async\" class=\"alignnone size-medium wp-image-17781\" src=\"https:\/\/agrotechnic.com\/wp-content\/uploads\/paypal_acceptance-300x103.jpg\" alt=\"\" width=\"300\" height=\"103\" srcset=\"https:\/\/agrotechnic.com\/wp-content\/uploads\/paypal_acceptance-300x103.jpg 300w, https:\/\/agrotechnic.com\/wp-content\/uploads\/paypal_acceptance-280x97.jpg 280w, https:\/\/agrotechnic.com\/wp-content\/uploads\/paypal_acceptance.jpg 319w\" sizes=\"auto, (max-width: 300px) 100vw, 300px\" \/><\/p>\n<p>Una de las formas de pago m\u00e1s seguras. Conozca m\u00e1s visite el sitio web: www.paypal.com<\/p>\n<p><strong>Transferencia bancaria<\/strong><\/p>\n<p>Haga su dep\u00f3sito en nuestra cuenta bancaria. Proporcione su ID de pedido en el dep\u00f3sito.<\/p>\n<p>Su pedido ser\u00e1 enviado tan pronto como el dinero sea transferido a nuestra cuenta.<\/p>\n<p>&nbsp;<\/p>\n","protected":false},"excerpt":{"rendered":"<p>Los m\u00e9todos de pago que aceptamos son los siguientes: Reembolso Contra reembolso. El pago se realizar\u00e1 en efectivo una vez recibido. El mensajero llevar\u00e1 los productos a su puerta y usted pagar\u00e1 el monto en efectivo o con tarjeta de cr\u00e9dito * PayPal y pago con tarjeta de cr\u00e9dito a trav\u00e9s de PayPal Una de<\/p>\n","protected":false},"author":1,"featured_media":0,"parent":0,"menu_order":0,"comment_status":"closed","ping_status":"closed","template":"","meta":{"footnotes":""},"class_list":["post-19890","page","type-page","status-publish","hentry","prodpage-classic"],"_links":{"self":[{"href":"https:\/\/agrotechnic.com\/es\/wp-json\/wp\/v2\/pages\/19890","targetHints":{"allow":["GET"]}}],"collection":[{"href":"https:\/\/agrotechnic.com\/es\/wp-json\/wp\/v2\/pages"}],"about":[{"href":"https:\/\/agrotechnic.com\/es\/wp-json\/wp\/v2\/types\/page"}],"author":[{"embeddable":true,"href":"https:\/\/agrotechnic.com\/es\/wp-json\/wp\/v2\/users\/1"}],"replies":[{"embeddable":true,"href":"https:\/\/agrotechnic.com\/es\/wp-json\/wp\/v2\/comments?post=19890"}],"version-history":[{"count":3,"href":"https:\/\/agrotechnic.com\/es\/wp-json\/wp\/v2\/pages\/19890\/revisions"}],"predecessor-version":[{"id":19893,"href":"https:\/\/agrotechnic.com\/es\/wp-json\/wp\/v2\/pages\/19890\/revisions\/19893"}],"wp:attachment":[{"href":"https:\/\/agrotechnic.com\/es\/wp-json\/wp\/v2\/media?parent=19890"}],"curies":[{"name":"wp","href":"https:\/\/api.w.org\/{rel}","templated":true}]}}