{"id":19923,"date":"2019-02-20T13:14:11","date_gmt":"2019-02-20T11:14:11","guid":{"rendered":"http:\/\/www.agrotechnic.com\/?page_id=19923"},"modified":"2019-03-15T15:18:07","modified_gmt":"2019-03-15T13:18:07","slug":"terminos-y-condiciones","status":"publish","type":"page","link":"https:\/\/agrotechnic.com\/es\/terminos-y-condiciones\/","title":{"rendered":"T\u00c9RMINOS Y CONDICIONES"},"content":{"rendered":"<p>Las cosechadoras de aceitunas son fabricadas por nuestra empresa en nuestra f\u00e1brica en el \u00e1rea industrial de Heraklion.<\/p>\n<p>Todos los productos que aparecen en nuestro sitio web est\u00e1n en stock y est\u00e1n disponibles en nuestra f\u00e1brica.<\/p>\n<p>La producci\u00f3n se realiza con la maquinaria m\u00e1s moderna y el control de calidad constante asegura la operaci\u00f3n correcta. Las piezas de repuesto y los materiales utilizados para su fabricaci\u00f3n se caracterizan por su m\u00e1xima calidad.<\/p>\n<p>Todos nuestros productos cumplen con las normas, siguiendo las directivas de la Uni\u00f3n Europea y llevan la marca CE.<\/p>\n<p>Ofrecemos una garant\u00eda de 2 a\u00f1os para todas las piezas mec\u00e1nicas. Eso ser\u00e1 reemplazado en nuestras instalaciones. De las partes se excluyen las partes que est\u00e1n sujetas a desgaste como: semiesferas el\u00e1sticas, escobillas de carb\u00f3n, cables, fusibles, etc.<\/p>\n<p>Los pedidos que se reciban de lunes a viernes y antes de las 11:00 am se enviar\u00e1n el mismo d\u00eda con el m\u00e9todo de env\u00edo elegido.<\/p>\n<p>El costo de env\u00edo, transporte seguro, derechos de importaci\u00f3n son pagados por el comprador.<\/p>\n<p>Las devoluciones se aceptan 30 d\u00edas despu\u00e9s de la recepci\u00f3n de los productos. Los productos deben estar sin uso y el estado original y el embalaje.<\/p>\n","protected":false},"excerpt":{"rendered":"<p>Las cosechadoras de aceitunas son fabricadas por nuestra empresa en nuestra f\u00e1brica en el \u00e1rea industrial de Heraklion. Todos los productos que aparecen en nuestro sitio web est\u00e1n en stock y est\u00e1n disponibles en nuestra f\u00e1brica. La producci\u00f3n se realiza con la maquinaria m\u00e1s moderna y el control de calidad constante asegura la operaci\u00f3n correcta.<\/p>\n","protected":false},"author":1,"featured_media":0,"parent":0,"menu_order":0,"comment_status":"closed","ping_status":"closed","template":"","meta":{"footnotes":""},"class_list":["post-19923","page","type-page","status-publish","hentry","prodpage-classic"],"_links":{"self":[{"href":"https:\/\/agrotechnic.com\/es\/wp-json\/wp\/v2\/pages\/19923","targetHints":{"allow":["GET"]}}],"collection":[{"href":"https:\/\/agrotechnic.com\/es\/wp-json\/wp\/v2\/pages"}],"about":[{"href":"https:\/\/agrotechnic.com\/es\/wp-json\/wp\/v2\/types\/page"}],"author":[{"embeddable":true,"href":"https:\/\/agrotechnic.com\/es\/wp-json\/wp\/v2\/users\/1"}],"replies":[{"embeddable":true,"href":"https:\/\/agrotechnic.com\/es\/wp-json\/wp\/v2\/comments?post=19923"}],"version-history":[{"count":4,"href":"https:\/\/agrotechnic.com\/es\/wp-json\/wp\/v2\/pages\/19923\/revisions"}],"predecessor-version":[{"id":20361,"href":"https:\/\/agrotechnic.com\/es\/wp-json\/wp\/v2\/pages\/19923\/revisions\/20361"}],"wp:attachment":[{"href":"https:\/\/agrotechnic.com\/es\/wp-json\/wp\/v2\/media?parent=19923"}],"curies":[{"name":"wp","href":"https:\/\/api.w.org\/{rel}","templated":true}]}}