{"id":19887,"date":"2019-02-20T12:54:06","date_gmt":"2019-02-20T10:54:06","guid":{"rendered":"http:\/\/www.agrotechnic.com\/?page_id=19887"},"modified":"2019-02-20T12:54:06","modified_gmt":"2019-02-20T10:54:06","slug":"methodes-de-paiement","status":"publish","type":"page","link":"https:\/\/agrotechnic.com\/fr\/methodes-de-paiement\/","title":{"rendered":"METHODES DE PAIEMENT"},"content":{"rendered":"<p>Les m\u00e9thodes de paiement que nous acceptons sont les suivantes:<\/p>\n<p><strong>Remboursement Paiement \u00e0 la livraison. <\/strong><\/p>\n<p>Le paiement sera effectu\u00e9 en esp\u00e8ces \u00e0 la r\u00e9ception.<\/p>\n<p>Le courrier apportera les produits \u00e0 votre porte et vous paierez le montant en esp\u00e8ces ou par carte de cr\u00e9dit *<\/p>\n<p>&nbsp;<\/p>\n<p><strong>PayPal et payez avec votre carte de cr\u00e9dit via PayPal<\/strong><\/p>\n<p><img loading=\"lazy\" decoding=\"async\" class=\"alignnone size-medium wp-image-17781\" src=\"https:\/\/agrotechnic.com\/wp-content\/uploads\/paypal_acceptance-300x103.jpg\" alt=\"\" width=\"300\" height=\"103\" srcset=\"https:\/\/agrotechnic.com\/wp-content\/uploads\/paypal_acceptance-300x103.jpg 300w, https:\/\/agrotechnic.com\/wp-content\/uploads\/paypal_acceptance-280x97.jpg 280w, https:\/\/agrotechnic.com\/wp-content\/uploads\/paypal_acceptance.jpg 319w\" sizes=\"auto, (max-width: 300px) 100vw, 300px\" \/><\/p>\n<p>L&rsquo;un des moyens de paiement les plus s\u00fbrs. En savoir plus, visitez le site Web: www.paypal.com<\/p>\n<p><strong>Virement bancaire<\/strong><br \/>\nFaites votre d\u00e9p\u00f4t sur notre compte bancaire. Indiquez votre num\u00e9ro de commande dans le d\u00e9p\u00f4t.<\/p>\n<p>Votre commande sera exp\u00e9di\u00e9e d\u00e8s que l&rsquo;argent sera transf\u00e9r\u00e9 sur notre compte.<\/p>\n<h5><\/h5>\n<p>&nbsp;<\/p>\n","protected":false},"excerpt":{"rendered":"<p>Les m\u00e9thodes de paiement que nous acceptons sont les suivantes: Remboursement Paiement \u00e0 la livraison. Le paiement sera effectu\u00e9 en esp\u00e8ces \u00e0 la r\u00e9ception. Le courrier apportera les produits \u00e0 votre porte et vous paierez le montant en esp\u00e8ces ou par carte de cr\u00e9dit * &nbsp; PayPal et payez avec votre carte de cr\u00e9dit via<\/p>\n","protected":false},"author":1,"featured_media":0,"parent":0,"menu_order":0,"comment_status":"closed","ping_status":"closed","template":"","meta":{"footnotes":""},"class_list":["post-19887","page","type-page","status-publish","hentry","prodpage-classic"],"_links":{"self":[{"href":"https:\/\/agrotechnic.com\/fr\/wp-json\/wp\/v2\/pages\/19887","targetHints":{"allow":["GET"]}}],"collection":[{"href":"https:\/\/agrotechnic.com\/fr\/wp-json\/wp\/v2\/pages"}],"about":[{"href":"https:\/\/agrotechnic.com\/fr\/wp-json\/wp\/v2\/types\/page"}],"author":[{"embeddable":true,"href":"https:\/\/agrotechnic.com\/fr\/wp-json\/wp\/v2\/users\/1"}],"replies":[{"embeddable":true,"href":"https:\/\/agrotechnic.com\/fr\/wp-json\/wp\/v2\/comments?post=19887"}],"version-history":[{"count":2,"href":"https:\/\/agrotechnic.com\/fr\/wp-json\/wp\/v2\/pages\/19887\/revisions"}],"predecessor-version":[{"id":19889,"href":"https:\/\/agrotechnic.com\/fr\/wp-json\/wp\/v2\/pages\/19887\/revisions\/19889"}],"wp:attachment":[{"href":"https:\/\/agrotechnic.com\/fr\/wp-json\/wp\/v2\/media?parent=19887"}],"curies":[{"name":"wp","href":"https:\/\/api.w.org\/{rel}","templated":true}]}}