{"id":19919,"date":"2019-02-20T13:12:09","date_gmt":"2019-02-20T11:12:09","guid":{"rendered":"http:\/\/www.agrotechnic.com\/?page_id=19919"},"modified":"2019-03-15T14:23:04","modified_gmt":"2019-03-15T12:23:04","slug":"termes-et-conditions","status":"publish","type":"page","link":"https:\/\/agrotechnic.com\/fr\/termes-et-conditions\/","title":{"rendered":"TERMES ET CONDITIONS"},"content":{"rendered":"<pre id=\"tw-target-text\" dir=\"ltr\" data-placeholder=\"Translation\" data-fulltext=\"\"><span lang=\"fr\" tabindex=\"0\">Les r\u00e9colteuses d\u2019olives sont fabriqu\u00e9es par notre soci\u00e9t\u00e9 dans notre usine de la zone industrielle d\u2019H\u00e9raklion.\r\n\r\nTous les produits figurant sur notre site Web sont en stock et facilement disponibles dans notre usine.\r\n\r\nLa production est r\u00e9alis\u00e9e avec les machines les plus modernes et le contr\u00f4le de qualit\u00e9 constant garantit le bon fonctionnement. Les pi\u00e8ces de rechange et les mat\u00e9riaux utilis\u00e9s pour les fabriquer sont caract\u00e9ris\u00e9s par une qualit\u00e9 irr\u00e9prochable.\r\n\r\nTous nos produits sont conformes aux normes, respectent les directives de l'Union europ\u00e9enne et portent le marquage CE.\r\n\r\nNous fournissons une garantie de 2 ans pour toutes les pi\u00e8ces m\u00e9caniques. Ce sera remplacer dans nos locaux. Sont exclues des pi\u00e8ces sujettes \u00e0 l'usure les demi-sph\u00e8res \u00e9lastiques, les balais de charbon, les c\u00e2bles, les fusibles, etc.\r\n\r\nLes commandes re\u00e7ues du lundi au vendredi et avant 11h00 seront exp\u00e9di\u00e9es le jour m\u00eame avec la m\u00e9thode d\u2019exp\u00e9dition choisie.\r\n\r\nLe co\u00fbt d'exp\u00e9dition, le transport s\u00e9curis\u00e9, les droits d'importation sont \u00e0 la charge de l'acheteur.\r\n\r\nLes retours sont accept\u00e9s 30 jours apr\u00e8s la r\u00e9ception des produits. Les produits doivent \u00eatre inutilis\u00e9s et \u00eatre dans leur \u00e9tat et leur emballage d'origine.<\/span><\/pre>\n","protected":false},"excerpt":{"rendered":"<p>Les r\u00e9colteuses d\u2019olives sont fabriqu\u00e9es par notre soci\u00e9t\u00e9 dans notre usine de la zone industrielle d\u2019H\u00e9raklion. Tous les produits figurant sur notre site Web sont en stock et facilement disponibles dans notre usine. La production est r\u00e9alis\u00e9e avec les machines les plus modernes et le contr\u00f4le de qualit\u00e9 constant garantit le bon fonctionnement. Les pi\u00e8ces<\/p>\n","protected":false},"author":1,"featured_media":0,"parent":0,"menu_order":0,"comment_status":"closed","ping_status":"closed","template":"","meta":{"footnotes":""},"class_list":["post-19919","page","type-page","status-publish","hentry","prodpage-classic"],"_links":{"self":[{"href":"https:\/\/agrotechnic.com\/fr\/wp-json\/wp\/v2\/pages\/19919","targetHints":{"allow":["GET"]}}],"collection":[{"href":"https:\/\/agrotechnic.com\/fr\/wp-json\/wp\/v2\/pages"}],"about":[{"href":"https:\/\/agrotechnic.com\/fr\/wp-json\/wp\/v2\/types\/page"}],"author":[{"embeddable":true,"href":"https:\/\/agrotechnic.com\/fr\/wp-json\/wp\/v2\/users\/1"}],"replies":[{"embeddable":true,"href":"https:\/\/agrotechnic.com\/fr\/wp-json\/wp\/v2\/comments?post=19919"}],"version-history":[{"count":5,"href":"https:\/\/agrotechnic.com\/fr\/wp-json\/wp\/v2\/pages\/19919\/revisions"}],"predecessor-version":[{"id":20359,"href":"https:\/\/agrotechnic.com\/fr\/wp-json\/wp\/v2\/pages\/19919\/revisions\/20359"}],"wp:attachment":[{"href":"https:\/\/agrotechnic.com\/fr\/wp-json\/wp\/v2\/media?parent=19919"}],"curies":[{"name":"wp","href":"https:\/\/api.w.org\/{rel}","templated":true}]}}