{"id":27843,"date":"2025-06-16T12:01:33","date_gmt":"2025-06-16T10:01:33","guid":{"rendered":"https:\/\/agrotechnic.com\/?post_type=product&#038;p=27843"},"modified":"2025-07-09T10:09:57","modified_gmt":"2025-07-09T08:09:57","slug":"x-quattro-fx-superveloce","status":"publish","type":"product","link":"https:\/\/agrotechnic.com\/fr\/product\/x-quattro-fx-superveloce\/","title":{"rendered":"X.QUATTRO FX SUPERVELOCE"},"content":{"rendered":"","protected":false},"excerpt":{"rendered":"<ul>\n<li><strong>Mouvement quadridimensionnel 4D avec 32 b\u00e2tonnets \u00e9lastiques.<\/strong>\n<li><strong>Moteur Brushless SUPERVELOCE\u00ae 12V &#8211; 2.500 RPM<\/strong>\n<li><strong>D\u00e9velopp\u00e9 pour un fonctionnement professionnel avec une batterie 12V.<\/strong>\n<li><strong>Tube en carbone et transmission interne.<\/strong>\n<li><strong>Contr\u00f4le de la vitesse avec micro-ajustement.<\/strong>\n<li>Tr\u00e8s respectueux de l&rsquo;olivier et de l&rsquo;op\u00e9rateur.\n<li>Longueur totale de la machine &#8211; 2,4 m (2,9\/3,15\/3,4 m avec extension optionnelle).\n<li>L\u00e9ger 2,5 Kg avec r\u00e9partition \u00e9quilibr\u00e9e du poids (moteur en bas) Facile \u00e0 utiliser.\n<li>Bruit et vibrations minimaux.\n<li>Comprend un c\u00e2ble de 14 m, un kit batterie avec pinces crocodiles pour batterie de voiture et un porte-fusible avec fusible.<\/li>\n<\/ul>\n","protected":false},"featured_media":27904,"template":"","meta":[],"product_brand":[],"product_cat":[149],"product_tag":[],"class_list":{"0":"post-27843","1":"product","2":"type-product","3":"status-publish","4":"has-post-thumbnail","6":"product_cat-vibreurs-a-olives","7":"product_shipping_class-1-4kg-fr","9":"first","10":"instock","11":"product-type-simple","12":"prodpage-classic"},"_links":{"self":[{"href":"https:\/\/agrotechnic.com\/fr\/wp-json\/wp\/v2\/product\/27843","targetHints":{"allow":["GET"]}}],"collection":[{"href":"https:\/\/agrotechnic.com\/fr\/wp-json\/wp\/v2\/product"}],"about":[{"href":"https:\/\/agrotechnic.com\/fr\/wp-json\/wp\/v2\/types\/product"}],"wp:featuredmedia":[{"embeddable":true,"href":"https:\/\/agrotechnic.com\/fr\/wp-json\/wp\/v2\/media\/27904"}],"wp:attachment":[{"href":"https:\/\/agrotechnic.com\/fr\/wp-json\/wp\/v2\/media?parent=27843"}],"wp:term":[{"taxonomy":"product_brand","embeddable":true,"href":"https:\/\/agrotechnic.com\/fr\/wp-json\/wp\/v2\/product_brand?post=27843"},{"taxonomy":"product_cat","embeddable":true,"href":"https:\/\/agrotechnic.com\/fr\/wp-json\/wp\/v2\/product_cat?post=27843"},{"taxonomy":"product_tag","embeddable":true,"href":"https:\/\/agrotechnic.com\/fr\/wp-json\/wp\/v2\/product_tag?post=27843"}],"curies":[{"name":"wp","href":"https:\/\/api.w.org\/{rel}","templated":true}]}}