{"id":27937,"date":"2025-06-18T13:49:05","date_gmt":"2025-06-18T11:49:05","guid":{"rendered":"https:\/\/agrotechnic.com\/?post_type=product&#038;p=27937"},"modified":"2025-07-09T10:10:17","modified_gmt":"2025-07-09T08:10:17","slug":"x-quattro-fx","status":"publish","type":"product","link":"https:\/\/agrotechnic.com\/fr\/product\/x-quattro-fx\/","title":{"rendered":"X.QUATTRO FX"},"content":{"rendered":"","protected":false},"excerpt":{"rendered":"<ul>\n<li><strong>Mouvement 4D quadridimensionnel avec 32 b\u00e2tonnets \u00e9lastiques.<\/strong>\n<li><strong>Moteur Mk2 12-16V<\/strong>\n<li><strong>D\u00e9velopp\u00e9 pour un fonctionnement professionnel avec g\u00e9n\u00e9rateur\/alternateur\/transformateur 12-16V.<\/strong>\n<li><strong>Tube de carbone et transmission interne<\/strong>\n<li>Tr\u00e8s respectueux de l&rsquo;olivier et de l&rsquo;op\u00e9rateur.\n<li>Longueur totale de la machine \u2013 2,4 m. (2,9\/3,15\/3,4 m avec extension optionnelle).\n<li>L\u00e9ger 2,6 kg avec r\u00e9partition \u00e9quilibr\u00e9e du poids (moteur en bas) Facile \u00e0 utiliser.\n<li>Bruit et vibrations minimaux.\n<li>Comprend un c\u00e2ble de 14 m avec bornes en Y pour la connexion avec un g\u00e9n\u00e9rateur\/alternateur\/transformateur.<\/li>\n<\/ul>\n","protected":false},"featured_media":27950,"template":"","meta":[],"product_brand":[],"product_cat":[149],"product_tag":[],"class_list":{"0":"post-27937","1":"product","2":"type-product","3":"status-publish","4":"has-post-thumbnail","6":"product_cat-vibreurs-a-olives","7":"product_shipping_class-1-4kg-fr","9":"first","10":"instock","11":"product-type-simple","12":"prodpage-classic"},"_links":{"self":[{"href":"https:\/\/agrotechnic.com\/fr\/wp-json\/wp\/v2\/product\/27937","targetHints":{"allow":["GET"]}}],"collection":[{"href":"https:\/\/agrotechnic.com\/fr\/wp-json\/wp\/v2\/product"}],"about":[{"href":"https:\/\/agrotechnic.com\/fr\/wp-json\/wp\/v2\/types\/product"}],"wp:featuredmedia":[{"embeddable":true,"href":"https:\/\/agrotechnic.com\/fr\/wp-json\/wp\/v2\/media\/27950"}],"wp:attachment":[{"href":"https:\/\/agrotechnic.com\/fr\/wp-json\/wp\/v2\/media?parent=27937"}],"wp:term":[{"taxonomy":"product_brand","embeddable":true,"href":"https:\/\/agrotechnic.com\/fr\/wp-json\/wp\/v2\/product_brand?post=27937"},{"taxonomy":"product_cat","embeddable":true,"href":"https:\/\/agrotechnic.com\/fr\/wp-json\/wp\/v2\/product_cat?post=27937"},{"taxonomy":"product_tag","embeddable":true,"href":"https:\/\/agrotechnic.com\/fr\/wp-json\/wp\/v2\/product_tag?post=27937"}],"curies":[{"name":"wp","href":"https:\/\/api.w.org\/{rel}","templated":true}]}}